{"id":1051,"date":"2019-10-16T17:55:25","date_gmt":"2019-10-16T15:55:25","guid":{"rendered":"http:\/\/www.50kronen.de\/headfield\/?page_id=1051"},"modified":"2019-10-30T10:03:57","modified_gmt":"2019-10-30T09:03:57","slug":"stromversorgung","status":"publish","type":"page","link":"http:\/\/www.50kronen.de\/headfield\/vorbereitungen\/stromversorgung\/","title":{"rendered":"Stromversorgung"},"content":{"rendered":"\r\n<p>Bei dem Thema Elektronik wollte ich so ausger\u00fcstet sein, dass ich theoretisch komplett unabh\u00e4ngig von au\u00dfen mit Strom versorgt bin, gleichzeitig aber bei Verf\u00fcgbarkeit sofort extern Strom saugen kann, dass die Leitungen gl\u00fchen. F\u00fcr den ersten Teil kann ich grunds\u00e4tzlich die Bordsteckdose vom Panzer benutzen und eine oder mehrere Powerbanks laden, sobald ich unterwegs bin. Im Worst Case k\u00f6nnte ich auch den Motor einen Moment laufen lassen, um mir auf \u00e4u\u00dferst ineffiziente Weise Strom zu erzeugen. F\u00fcr den zweiten Teil, also die externe Versorgung, brauche ich nat\u00fcrlich passende Adapter &#8211; S\u00fcdamerika ist hier das reinste Wunderland \u2026<\/p>\r\n<p>Erschwert wird die Konstellation, da ich gegen\u00fcber meinen bisherigen Touren bei meiner S\u00fcdamerika-Tour einen Laptop mitnehmen werde. Hierzu habe ich mir einfach relativ g\u00fcnstig ein gebrauchtes Lenovo X260 gekauft und das noch mit etwas mehr Arbeitsspeicher und einer gr\u00f6\u00dferen SSD aufgebessert.<\/p>\r\n<p>&nbsp;<\/p>\r\n<p><b>Unabh\u00e4ngige Stromversorgung:<\/b><\/p>\r\n<p>Die Problematik bei dem Laptop ist die erforderliche Spannung von 20V einerseits, andererseits die Anforderung, dass ich &#8211; wie oben geschrieben &#8211; auch unabh\u00e4ngig unterwegs sein m\u00f6chte. Es finden sich ohne Probleme Powerbanks, die 20V liefern k\u00f6nnen, schwieriger wird es jedoch bei dem Thema, diese auch bei Bedarf via USB laden zu k\u00f6nnen. H\u00e4ufig sind diese nur mit Netzteil ladbar. Und das ist im Zelt sitzend nat\u00fcrlich Essig.<\/p>\r\n<p>Als L\u00f6sung bin ich jetzt bei einem Model von XTPower (XT-20000QC3-PA) gelandet, die<\/p>\r\n<ol>\r\n<li>die erforderliche Spannung f\u00fcr den Laptop liefert,\u00a0<\/li>\r\n<li>mit USB geladen werden kann,<\/li>\r\n<li>mit 12V der Bordsteckdose geladen werden kann,<\/li>\r\n<li>Laden und gleichzeitiges Entladen erm\u00f6glicht und\u00a0<\/li>\r\n<li>zwei USB Ausg\u00e4nge parallel beladen kann.<\/li>\r\n<\/ol>\r\n<p>Zwar k\u00f6nnte ich (Punkt 3.) jede Powerbank auch mit einem USB-Adapter problemlos mit der Bordsteckdose laden, so habe ich es auch bisher gemacht, jedoch dauert das nat\u00fcrlich deutlich l\u00e4nger.<\/p>\r\n<p>Die XTPower ist also meine kleine Eierlegendewollmilchsau. Zudem &#8211; auch wenn ich f\u00fcr diese Zeilen nicht einen Cent bekomme &#8211; war der Kontakt mit XTPower (bzw. dem Vertrieb Intecro) wirklich super. Die Ger\u00e4te werden nat\u00fcrlich auch aus Fernost importiert, aber wenn man dort anruft (also hier, nicht dort), bekommt man noch jemanden zu sprechen. Sehr freundlich und hilfsbereit obendrein, Daumen hoch!<\/p>\r\n<p>Durch Punkt 4. und 5. oben kann ich zudem meine Anker Powerbank parallel laden, w\u00e4hrend die XTPower Saft aus der Bordsteckdose zieht. Sauber. Im Zelt und im Worst Case kann ich dann wieder die Ladung aus der Anker Powerbank via XTPowerbank in den Laptop schicken. Das ist nat\u00fcrlich alles nicht sehr effizient, aber es geht. Mein Telefon und die beiden Taschenlampen kann ich so oder so mit meinen Powerbanks laden. Die unabh\u00e4ngige Stromversorgung steht also.<\/p>\r\n<p>&nbsp;<\/p>\r\n<p><b>Externe Stromversorgung:<\/b><\/p>\r\n<p>Bei der externen Versorgung war es spannend, wie viele Stecker es in S\u00fcdamerika gibt \u2013 scheinbar fast alle. Hierzu wollte ich erst einen Universalstecker benutzen. Jedoch musste ich feststellen, dass es keinen wirklichen Universalstecker gibt, der einerseits alle erforderlichen Varianten hat und gleichzeitig auch Schuko-Stecker (also mit Nullleitung) unterst\u00fctzt. Letzteres w\u00fcrde n\u00e4mlich bedeuten, dass ich das Netzteil vom Laptop nicht ohne Weiteres nutzen k\u00f6nnte. Zudem sind die Universalstecker ohne Nulleitung i.d.R. deutlich in der maximalen Ampere-Zahl begrenzt. Daher habe ich jetzt eine Sammlung von sechs verschiedenen Universalsteckern von Brennenstuhl. Das hat auch den Vorteil, dass weniger kaputt gehen kann. Das sind halt olle Stecker, die einfach nur durchleiten \u2026 Hier mal ein kleiner \u00dcberblick:<\/p>\r\n<p><img loading=\"lazy\" decoding=\"async\" class=\"alignnone size-full wp-image-1072\" src=\"http:\/\/www.50kronen.de\/headfield\/wp-content\/uploads\/DSC_0135-e1572109662780.jpg\" alt=\"\" width=\"1920\" height=\"1080\" \/>Von links nach rechts haben wir hier: Typ G, Typ A, Typ B, Typ I, Typ L und Typ J. Herzlichen Gl\u00fcckwunsch &#8230;<\/p>\r\n<p>&nbsp;<\/p>\r\n<p><span style=\"color: #000000;\"><em><strong>Exkurs:<\/strong><\/em><\/span><\/p>\r\n<p><span style=\"color: #000000;\"><i>Da ich ja eigentlich ein Finanzd\u00f6del und daher auch etwas in der Statistik bewandert bin, hier ein kleiner Exkurs hinsichtlich der Stecker: &#8220;Weniger kaputt gehen&#8221; zeigt sich hier durch zwei Effekte. <\/i><\/span><\/p>\r\n<p><span style=\"color: #000000;\"><i>Bei dem ersten Effekt geht es um Risikodiversifikation: Jeder dieser Stecker hat grob gesagt zwei Quellen an Risiken, kaputt zu gehen. Die erste Quelle betrifft jeden Stecker selber in seinen Eigenarten und Besonderheiten, das sogenannte \u201eunsystematische Risiko\u201c. Die zweite Quelle betrifft alle Stecker. Beispielsweise sind alle von Brennenstuhl und vielleicht verwendet Brennenstuhl ganz miese Materialien. Ein weiteres Beispiel ist der gemeinsame Transport auf dem Motorrad: Wenn das explodiert, sind alle gemeinsam kaputt \u2026 Aber wie auch immer, die zweite Quelle nennt man \u201esystematisches Risiko\u201c, da es quasi systematisch alle betrifft. An dieser zweiten Quelle kann ich nichts drehen. Jedoch kann ich die erste Quelle, also das unsystematische Risiko diversifizieren. Wenn wir beispielsweise davon ausgehen, dass ein Stecker eine Wahrscheinlichkeit von 20% hat, \u00fcber einen Zeitraum von einem Jahr den Geist aufzugeben, dann liegt diese Wahrscheinlichkeit bei dem Universalstecker (=Totalausfall) bei eben 20%. Nehme ich jetzt aber sechs Stecker mit, dann liegt die Wahrscheinlichkeit f\u00fcr einen Totalausfall nur noch bei 20%^6 also ca. 1%. Das ist schon mal was. Vielleicht ist es in Chile dunkel, aber in Argentinien ist alles fein. <\/i><\/span><\/p>\r\n<p><span style=\"color: #000000;\"><i>Der zweite Effekt betrifft die Wahrscheinlichkeit, \u00fcberhaupt auszufallen. Der Universalstecker ist viel komplizierter, die einzelnen Stecker sind \u2026 einzelne Stecker. Nehmen wir an, dass die Wahrscheinlichkeit bei den einzelnen Steckern nur noch bei 5% liegt, dann liegt die Wahrscheinlichkeit f\u00fcr einen Totalausfall nur noch bei 5%^6 \u2013 also fast null. Das alles gilt nat\u00fcrlich nur, wenn ich den Panzer nicht in die Luft sprenge, die Sache mit dem systematischen Risiko und so \u2026 <\/i><\/span><\/p>\r\n<p><span style=\"color: #000000;\"><i>Wenn Du Dir diesen kleinen Absatz angetan und ihn soweit verstanden hast, dann wei\u00dft Du jetzt auch, warum es in der Regel keine gute Idee ist, als Investment lediglich eine einzelne Aktie (=keine Diversifikation) von einem schmierigen Unternehmen aus dem Bereich digitaler W\u00e4hrungen (=hohes unsystematisches Risiko) zu kaufen.\u00a0<\/i><\/span><\/p>\r\n<p>&nbsp;<\/p>\r\n<p><b>Sonstiges:<\/b><\/p>\r\n<p>Zur\u00fcck zum Thema Elektronik. Als kleines Backup habe ich auch noch einen Spannungswandler dabei. Mit dem kann ich mir aus meiner Bordsteckdose falls notwendig die erforderliche Spannung holen &#8211; nat\u00fcrlich nur bis 75 Watt, da die Bordsteckdose eh nur 60 Watt liefert (12Vx5A). Zudem kann ich mit dem Spannungswandler in Kombination mit meiner XTPower Powerbank und einem Ladeger\u00e4t die Batterie vom Panzer wieder aufladen, falls ich es doch mal etwas \u00fcbertrieben haben sollte. Vor ein paar Tagen getestet und es l\u00e4uft:<\/p>\r\n<p><img loading=\"lazy\" decoding=\"async\" class=\"alignnone size-full wp-image-1074\" src=\"http:\/\/www.50kronen.de\/headfield\/wp-content\/uploads\/DSC_0111-e1572109650874.jpg\" alt=\"\" width=\"1920\" height=\"1080\" \/>Hinsichtlich Taschenlampen nehme ich zwei Varianten mit. Einerseits eine Kopflampe, die ich direkt via USB laden kann und f\u00fcr die kleinen Wege sowie im Zelt selber als &#8220;Deckenlampe&#8221; prima funktioniert. Dazu dann noch einen richtigen Brenner von Fenix (TK35).<\/p>\r\n<p>Strom l\u00e4uft also. Unten siehst Du dann noch mein ganzes Paket, es fehlen lediglich das eine oder andere USB-Kabel, das Telefon und das erw\u00e4hnte Ladeger\u00e4t (CTEK XS 0.8, sieht man oben auf dem Foto). Das ist dann alles, das ich aus der technisierten Welt mitnehme:<\/p>\r\n<p><img loading=\"lazy\" decoding=\"async\" class=\"alignnone size-full wp-image-1055\" src=\"http:\/\/www.50kronen.de\/headfield\/wp-content\/uploads\/Elektronik2-e1572109677757.jpg\" alt=\"\" width=\"1841\" height=\"1920\" \/><\/p>\r\n<p>\r\n\r\n<\/p>\r\n<p>&nbsp;<\/p>\r\n<p>\r\n\r\n\r\n\r\n<\/p>\r\n<p>&nbsp;<\/p>\r\n<p><\/p>","protected":false},"excerpt":{"rendered":"<p>Bei dem Thema Elektronik wollte ich so ausger\u00fcstet sein, dass ich theoretisch komplett unabh\u00e4ngig von au\u00dfen mit Strom versorgt bin, gleichzeitig aber bei Verf\u00fcgbarkeit sofort extern Strom saugen kann, dass die Leitungen gl\u00fchen. F\u00fcr den ersten Teil kann ich grunds\u00e4tzlich die Bordsteckdose vom Panzer benutzen und eine oder mehrere Powerbanks laden, sobald ich unterwegs bin. [&hellip;]<\/p>\n","protected":false},"author":1,"featured_media":0,"parent":1049,"menu_order":0,"comment_status":"open","ping_status":"closed","template":"","meta":{"footnotes":""},"_links":{"self":[{"href":"http:\/\/www.50kronen.de\/headfield\/wp-json\/wp\/v2\/pages\/1051"}],"collection":[{"href":"http:\/\/www.50kronen.de\/headfield\/wp-json\/wp\/v2\/pages"}],"about":[{"href":"http:\/\/www.50kronen.de\/headfield\/wp-json\/wp\/v2\/types\/page"}],"author":[{"embeddable":true,"href":"http:\/\/www.50kronen.de\/headfield\/wp-json\/wp\/v2\/users\/1"}],"replies":[{"embeddable":true,"href":"http:\/\/www.50kronen.de\/headfield\/wp-json\/wp\/v2\/comments?post=1051"}],"version-history":[{"count":16,"href":"http:\/\/www.50kronen.de\/headfield\/wp-json\/wp\/v2\/pages\/1051\/revisions"}],"predecessor-version":[{"id":1138,"href":"http:\/\/www.50kronen.de\/headfield\/wp-json\/wp\/v2\/pages\/1051\/revisions\/1138"}],"up":[{"embeddable":true,"href":"http:\/\/www.50kronen.de\/headfield\/wp-json\/wp\/v2\/pages\/1049"}],"wp:attachment":[{"href":"http:\/\/www.50kronen.de\/headfield\/wp-json\/wp\/v2\/media?parent=1051"}],"curies":[{"name":"wp","href":"https:\/\/api.w.org\/{rel}","templated":true}]}}